{"id":2785,"date":"2024-10-23T11:24:47","date_gmt":"2024-10-23T09:24:47","guid":{"rendered":"https:\/\/lorcamarin.atic.green\/?page_id=2785"},"modified":"2026-02-20T12:36:07","modified_gmt":"2026-02-20T11:36:07","slug":"privacy-policy","status":"publish","type":"page","link":"https:\/\/lorcamarin.atic.green\/en\/privacy-policy\/","title":{"rendered":"Privacy policy"},"content":{"rendered":"\t\t<div data-elementor-type=\"wp-page\" data-elementor-id=\"2785\" class=\"elementor elementor-2785 elementor-3\" data-elementor-post-type=\"page\">\n\t\t\t\t<div class=\"elementor-element elementor-element-5c1c005 e-flex e-con-boxed e-con e-parent\" data-id=\"5c1c005\" data-element_type=\"container\" data-settings=\"{&quot;background_background&quot;:&quot;classic&quot;}\">\n\t\t\t\t\t<div class=\"e-con-inner\">\n\t\t\t\t<div class=\"elementor-element elementor-element-dc29f11 elementor-invisible elementor-widget elementor-widget-heading\" data-id=\"dc29f11\" data-element_type=\"widget\" data-settings=\"{&quot;_animation&quot;:&quot;fadeIn&quot;}\" data-widget_type=\"heading.default\">\n\t\t\t\t<div class=\"elementor-widget-container\">\n\t\t\t<h1 class=\"elementor-heading-title elementor-size-default\">Privacy policy<\/h1>\t\t<\/div>\n\t\t\t\t<\/div>\n\t\t\t\t\t<\/div>\n\t\t\t\t<\/div>\n\t\t<div class=\"elementor-element elementor-element-cc9693b e-flex e-con-boxed e-con e-parent\" data-id=\"cc9693b\" data-element_type=\"container\">\n\t\t\t\t\t<div class=\"e-con-inner\">\n\t\t\t\t<div class=\"elementor-element elementor-element-57df93a elementor-widget elementor-widget-text-editor\" data-id=\"57df93a\" data-element_type=\"widget\" data-widget_type=\"text-editor.default\">\n\t\t\t\t<div class=\"elementor-widget-container\">\n\t\t\t\t\t\t\t<h2>Informaci\u00f3n sobre el Tratamiento de Datos Personales de Usuarios Web<\/h2>\n<p>Lorca Mar\u00edn S.A. ha redactado este documento con la finalidad de cumplir con la normativa vigente de informar a aquellas personas f\u00edsicas afectadas por tratamientos de datos personales que realiza.<\/p>\n<p>En particular este documento contiene la informaci\u00f3n relativa a los Usuarios del Sitio Web de Lorca Mar\u00edn S.A. (www.lorcamarin.es) que han facilitado sus datos a trav\u00e9s de los formularios o direcciones de correo electr\u00f3nico de contacto.<\/p>\n<h3>\u00bfQui\u00e9n es el responsable del tratamiento de sus datos?<\/h3>\n<p>Identidad: Lorca Mar\u00edn S.A. \u2013 CIF: A30001010<\/p>\n<p>Dir. Postal: Avda. Alicante 28, 30007 \u2013 Murcia<\/p>\n<p>Tel\u00e9fono: 968240462<\/p>\n<p>Correo electr\u00f3nico: comercial@lorcamarin.es<\/p>\n<h3>\u00bfCon qu\u00e9 finalidad tratamos sus datos personales?<\/h3>\n<p>En Lorca Mar\u00edn S.A. tratamos la informaci\u00f3n que nos facilitan las personas interesadas con el fin de:<\/p>\n<ul>\n<li>Gestionar el acceso a las zonas de uso restringido<\/li>\n<li>Responder a las consultas o solicitudes de informaci\u00f3n<\/li>\n<li>Personalizar y mejorar las herramientas y funcionalidades de la Web, as\u00ed como garantizar el funcionamiento t\u00e9cnico de la misma<\/li>\n<\/ul>\n<h3>\u00bfPor cu\u00e1nto tiempo conservaremos sus datos?<\/h3>\n<p>Los datos personales proporcionados se conservar\u00e1n mientras no se solicite su supresi\u00f3n por el interesado o lo requerido por la legislaci\u00f3n vigente.<\/p>\n<h3>\u00bfCu\u00e1l es la legitimaci\u00f3n para el tratamiento de sus datos?<\/h3>\n<p>Utilizaremos sus datos para los fines indicados solo si usted nos los proporciona y acepta expresamente nuestros t\u00e9rminos y condiciones.<\/p>\n<h3>\u00bfA qu\u00e9 destinatarios se comunicar\u00e1n sus datos?<\/h3>\n<p>Lorca Mar\u00edn S.A. contrata el servicio de alojamiento de su Sitio Web a \u201c1&amp;1 Internet Espa\u00f1a S.L.U.\u201d con la cual formaliz\u00f3 un contrato de \u201cConfidencialidad y tratamiento de datos\u201d que compromete a ambas partes al cumplimiento de la normativa vigente en cuanto a Protecci\u00f3n de Datos Personales.<\/p>\n<h3>\u00bfCu\u00e1les son sus derechos cuando nos facilita sus datos?<\/h3>\n<p>Puede ejercer los siguientes derechos remitiendo un escrito a Lorca Mar\u00edn S.A. o mediante correo electr\u00f3nico en la direcci\u00f3n datospersonales@lorcamarin.es:<\/p>\n<ul>\n<li>Usted tiene derecho a obtener confirmaci\u00f3n sobre si en Lorca Mar\u00edn S.A. estamos tratando datos personales que les conciernan, o no.<\/li>\n<li>Tienen derecho a acceder a sus datos personales, solicitar la rectificaci\u00f3n de los datos inexactos o, en su caso, solicitar su supresi\u00f3n cuando, entre otros motivos, los datos ya no sean necesarios para los fines que fueron recogidos.<\/li>\n<li>Podr\u00e1n solicitar la limitaci\u00f3n del tratamiento de sus datos<\/li>\n<li>Podr\u00e1 oponerse al tratamiento de sus datos.<\/li>\n<li>Podr\u00e1 solicitar sus datos para realizar su portabilidad.<\/li>\n<li>Usted puede retirar el consentimiento al tratamiento de sus datos.<\/li>\n<li>Tiene derecho a reclamar ante la Agencia Espa\u00f1ola de Protecci\u00f3n de Datos.<\/li>\n<\/ul>\n<h3>\u00bfC\u00f3mo hemos obtenido sus datos?<\/h3>\n<p>Lorca Mar\u00edn S.A. obtiene los datos de los usuarios de su Sitio Web mediante los formularios de registro y contacto, directamente de los propios interesados.<\/p>\n<p>Las categor\u00edas de datos que se obtienen y se tratan son:<\/p>\n<ul>\n<li>Datos de contacto<\/li>\n<li>Informaci\u00f3n profesional<\/li>\n<\/ul>\t\t\t\t\t\t<\/div>\n\t\t\t\t<\/div>\n\t\t\t\t\t<\/div>\n\t\t\t\t<\/div>\n\t\t\t\t<\/div>\n\t\t","protected":false},"excerpt":{"rendered":"<p>Privacy policy Informaci\u00f3n sobre el Tratamiento de Datos Personales de Usuarios Web Lorca Mar\u00edn S.A. ha redactado este documento con la finalidad de cumplir con la normativa vigente de informar a aquellas personas f\u00edsicas afectadas por tratamientos de datos personales que realiza. En particular este documento contiene la informaci\u00f3n relativa a los Usuarios del Sitio [&hellip;]<\/p>\n","protected":false},"author":1,"featured_media":0,"parent":0,"menu_order":0,"comment_status":"closed","ping_status":"closed","template":"","meta":{"_acf_changed":false,"footnotes":""},"class_list":["post-2785","page","type-page","status-publish","hentry"],"acf":[],"yoast_head":"<!-- This site is optimized with the Yoast SEO plugin v23.7 - https:\/\/yoast.com\/wordpress\/plugins\/seo\/ -->\n<title>Privacy policy - Lorca Mar\u00edn<\/title>\n<meta name=\"robots\" content=\"noindex, follow, max-snippet:-1, max-image-preview:large, max-video-preview:-1\" \/>\n<meta property=\"og:locale\" content=\"en_US\" \/>\n<meta property=\"og:type\" content=\"article\" \/>\n<meta property=\"og:title\" content=\"Privacy policy - Lorca Mar\u00edn\" \/>\n<meta property=\"og:description\" content=\"Privacy policy Informaci\u00f3n sobre el Tratamiento de Datos Personales de Usuarios Web Lorca Mar\u00edn S.A. ha redactado este documento con la finalidad de cumplir con la normativa vigente de informar a aquellas personas f\u00edsicas afectadas por tratamientos de datos personales que realiza. En particular este documento contiene la informaci\u00f3n relativa a los Usuarios del Sitio [&hellip;]\" \/>\n<meta property=\"og:url\" content=\"https:\/\/lorcamarin.atic.green\/en\/privacy-policy\/\" \/>\n<meta property=\"og:site_name\" content=\"Lorca Mar\u00edn\" \/>\n<meta property=\"article:modified_time\" content=\"2026-02-20T11:36:07+00:00\" \/>\n<meta name=\"twitter:card\" content=\"summary_large_image\" \/>\n<meta name=\"twitter:label1\" content=\"Est. reading time\" \/>\n\t<meta name=\"twitter:data1\" content=\"3 minutes\" \/>\n<script type=\"application\/ld+json\" class=\"yoast-schema-graph\">{\"@context\":\"https:\/\/schema.org\",\"@graph\":[{\"@type\":\"WebPage\",\"@id\":\"https:\/\/lorcamarin.atic.green\/en\/privacy-policy\/\",\"url\":\"https:\/\/lorcamarin.atic.green\/en\/privacy-policy\/\",\"name\":\"Privacy policy - Lorca Mar\u00edn\",\"isPartOf\":{\"@id\":\"https:\/\/lorcamarin.atic.green\/en\/#website\"},\"datePublished\":\"2024-10-23T09:24:47+00:00\",\"dateModified\":\"2026-02-20T11:36:07+00:00\",\"breadcrumb\":{\"@id\":\"https:\/\/lorcamarin.atic.green\/en\/privacy-policy\/#breadcrumb\"},\"inLanguage\":\"en-US\",\"potentialAction\":[{\"@type\":\"ReadAction\",\"target\":[\"https:\/\/lorcamarin.atic.green\/en\/privacy-policy\/\"]}]},{\"@type\":\"BreadcrumbList\",\"@id\":\"https:\/\/lorcamarin.atic.green\/en\/privacy-policy\/#breadcrumb\",\"itemListElement\":[{\"@type\":\"ListItem\",\"position\":1,\"name\":\"Portada\",\"item\":\"https:\/\/lorcamarin.atic.green\/en\/\"},{\"@type\":\"ListItem\",\"position\":2,\"name\":\"Privacy policy\"}]},{\"@type\":\"WebSite\",\"@id\":\"https:\/\/lorcamarin.atic.green\/en\/#website\",\"url\":\"https:\/\/lorcamarin.atic.green\/en\/\",\"name\":\"Lorca Mar\u00edn\",\"description\":\"Suturas quir\u00fargicas\",\"publisher\":{\"@id\":\"https:\/\/lorcamarin.atic.green\/en\/#organization\"},\"potentialAction\":[{\"@type\":\"SearchAction\",\"target\":{\"@type\":\"EntryPoint\",\"urlTemplate\":\"https:\/\/lorcamarin.atic.green\/en\/?s={search_term_string}\"},\"query-input\":{\"@type\":\"PropertyValueSpecification\",\"valueRequired\":true,\"valueName\":\"search_term_string\"}}],\"inLanguage\":\"en-US\"},{\"@type\":\"Organization\",\"@id\":\"https:\/\/lorcamarin.atic.green\/en\/#organization\",\"name\":\"Lorca Mar\u00edn\",\"url\":\"https:\/\/lorcamarin.atic.green\/en\/\",\"logo\":{\"@type\":\"ImageObject\",\"inLanguage\":\"en-US\",\"@id\":\"https:\/\/lorcamarin.atic.green\/en\/#\/schema\/logo\/image\/\",\"url\":\"https:\/\/lorcamarin.atic.green\/wp-content\/uploads\/2024\/10\/LogoLM.png\",\"contentUrl\":\"https:\/\/lorcamarin.atic.green\/wp-content\/uploads\/2024\/10\/LogoLM.png\",\"width\":293,\"height\":81,\"caption\":\"Lorca Mar\u00edn\"},\"image\":{\"@id\":\"https:\/\/lorcamarin.atic.green\/en\/#\/schema\/logo\/image\/\"}}]}<\/script>\n<!-- \/ Yoast SEO plugin. -->","yoast_head_json":{"title":"Privacy policy - Lorca Mar\u00edn","robots":{"index":"noindex","follow":"follow","max-snippet":"max-snippet:-1","max-image-preview":"max-image-preview:large","max-video-preview":"max-video-preview:-1"},"og_locale":"en_US","og_type":"article","og_title":"Privacy policy - Lorca Mar\u00edn","og_description":"Privacy policy Informaci\u00f3n sobre el Tratamiento de Datos Personales de Usuarios Web Lorca Mar\u00edn S.A. ha redactado este documento con la finalidad de cumplir con la normativa vigente de informar a aquellas personas f\u00edsicas afectadas por tratamientos de datos personales que realiza. En particular este documento contiene la informaci\u00f3n relativa a los Usuarios del Sitio [&hellip;]","og_url":"https:\/\/lorcamarin.atic.green\/en\/privacy-policy\/","og_site_name":"Lorca Mar\u00edn","article_modified_time":"2026-02-20T11:36:07+00:00","twitter_card":"summary_large_image","twitter_misc":{"Est. reading time":"3 minutes"},"schema":{"@context":"https:\/\/schema.org","@graph":[{"@type":"WebPage","@id":"https:\/\/lorcamarin.atic.green\/en\/privacy-policy\/","url":"https:\/\/lorcamarin.atic.green\/en\/privacy-policy\/","name":"Privacy policy - Lorca Mar\u00edn","isPartOf":{"@id":"https:\/\/lorcamarin.atic.green\/en\/#website"},"datePublished":"2024-10-23T09:24:47+00:00","dateModified":"2026-02-20T11:36:07+00:00","breadcrumb":{"@id":"https:\/\/lorcamarin.atic.green\/en\/privacy-policy\/#breadcrumb"},"inLanguage":"en-US","potentialAction":[{"@type":"ReadAction","target":["https:\/\/lorcamarin.atic.green\/en\/privacy-policy\/"]}]},{"@type":"BreadcrumbList","@id":"https:\/\/lorcamarin.atic.green\/en\/privacy-policy\/#breadcrumb","itemListElement":[{"@type":"ListItem","position":1,"name":"Portada","item":"https:\/\/lorcamarin.atic.green\/en\/"},{"@type":"ListItem","position":2,"name":"Privacy policy"}]},{"@type":"WebSite","@id":"https:\/\/lorcamarin.atic.green\/en\/#website","url":"https:\/\/lorcamarin.atic.green\/en\/","name":"Lorca Mar\u00edn","description":"Suturas quir\u00fargicas","publisher":{"@id":"https:\/\/lorcamarin.atic.green\/en\/#organization"},"potentialAction":[{"@type":"SearchAction","target":{"@type":"EntryPoint","urlTemplate":"https:\/\/lorcamarin.atic.green\/en\/?s={search_term_string}"},"query-input":{"@type":"PropertyValueSpecification","valueRequired":true,"valueName":"search_term_string"}}],"inLanguage":"en-US"},{"@type":"Organization","@id":"https:\/\/lorcamarin.atic.green\/en\/#organization","name":"Lorca Mar\u00edn","url":"https:\/\/lorcamarin.atic.green\/en\/","logo":{"@type":"ImageObject","inLanguage":"en-US","@id":"https:\/\/lorcamarin.atic.green\/en\/#\/schema\/logo\/image\/","url":"https:\/\/lorcamarin.atic.green\/wp-content\/uploads\/2024\/10\/LogoLM.png","contentUrl":"https:\/\/lorcamarin.atic.green\/wp-content\/uploads\/2024\/10\/LogoLM.png","width":293,"height":81,"caption":"Lorca Mar\u00edn"},"image":{"@id":"https:\/\/lorcamarin.atic.green\/en\/#\/schema\/logo\/image\/"}}]}},"_links":{"self":[{"href":"https:\/\/lorcamarin.atic.green\/en\/wp-json\/wp\/v2\/pages\/2785"}],"collection":[{"href":"https:\/\/lorcamarin.atic.green\/en\/wp-json\/wp\/v2\/pages"}],"about":[{"href":"https:\/\/lorcamarin.atic.green\/en\/wp-json\/wp\/v2\/types\/page"}],"author":[{"embeddable":true,"href":"https:\/\/lorcamarin.atic.green\/en\/wp-json\/wp\/v2\/users\/1"}],"replies":[{"embeddable":true,"href":"https:\/\/lorcamarin.atic.green\/en\/wp-json\/wp\/v2\/comments?post=2785"}],"version-history":[{"count":4,"href":"https:\/\/lorcamarin.atic.green\/en\/wp-json\/wp\/v2\/pages\/2785\/revisions"}],"predecessor-version":[{"id":2795,"href":"https:\/\/lorcamarin.atic.green\/en\/wp-json\/wp\/v2\/pages\/2785\/revisions\/2795"}],"wp:attachment":[{"href":"https:\/\/lorcamarin.atic.green\/en\/wp-json\/wp\/v2\/media?parent=2785"}],"curies":[{"name":"wp","href":"https:\/\/api.w.org\/{rel}","templated":true}]}}