{"id":2784,"date":"2026-02-20T12:08:07","date_gmt":"2026-02-20T11:08:07","guid":{"rendered":"https:\/\/lorcamarin.atic.green\/?page_id=2784"},"modified":"2026-02-20T12:36:15","modified_gmt":"2026-02-20T11:36:15","slug":"legal-notice","status":"publish","type":"page","link":"https:\/\/lorcamarin.atic.green\/en\/legal-notice\/","title":{"rendered":"Legal notice"},"content":{"rendered":"\t\t<div data-elementor-type=\"wp-page\" data-elementor-id=\"2784\" class=\"elementor elementor-2784 elementor-2748\" data-elementor-post-type=\"page\">\n\t\t\t\t<div class=\"elementor-element elementor-element-b5870e4 e-flex e-con-boxed e-con e-parent\" data-id=\"b5870e4\" data-element_type=\"container\" data-settings=\"{&quot;background_background&quot;:&quot;classic&quot;}\">\n\t\t\t\t\t<div class=\"e-con-inner\">\n\t\t\t\t<div class=\"elementor-element elementor-element-064a469 elementor-invisible elementor-widget elementor-widget-heading\" data-id=\"064a469\" data-element_type=\"widget\" data-settings=\"{&quot;_animation&quot;:&quot;fadeIn&quot;}\" data-widget_type=\"heading.default\">\n\t\t\t\t<div class=\"elementor-widget-container\">\n\t\t\t<h1 class=\"elementor-heading-title elementor-size-default\">Legal notice<\/h1>\t\t<\/div>\n\t\t\t\t<\/div>\n\t\t\t\t\t<\/div>\n\t\t\t\t<\/div>\n\t\t<div class=\"elementor-element elementor-element-9038210 e-flex e-con-boxed e-con e-parent\" data-id=\"9038210\" data-element_type=\"container\">\n\t\t\t\t\t<div class=\"e-con-inner\">\n\t\t\t\t<div class=\"elementor-element elementor-element-5f54f45 elementor-widget elementor-widget-text-editor\" data-id=\"5f54f45\" data-element_type=\"widget\" data-widget_type=\"text-editor.default\">\n\t\t\t\t<div class=\"elementor-widget-container\">\n\t\t\t\t\t\t\t<p>El Sitio Web www.lorcamarin.es es propiedad de Lorca Mar\u00edn S.A., Avda. Alicante 28, 30007, Murcia. CIF: A30001010.<\/p><p>Aqu\u00ed encontrar\u00e1 la informaci\u00f3n sobre los t\u00e9rminos y condiciones sobre el uso de este Sitio Web, as\u00ed como informaci\u00f3n importante sobre su privacidad.<\/p><h2><a href=\"https:\/\/www.lorcamarin.es\/tratamiento-datos-personales.php\">INFORMACI\u00d3N SOBRE EL TRATAMIENTO DE DATOS PERSONALES DE USUARIOS DEL SITIO WEB<\/a><\/h2><h2>Informaci\u00f3n detallada sobre protecci\u00f3n de datos<\/h2><p>Lorca Mar\u00edn, S.A. ha creado este documento de privacidad con la intenci\u00f3n de aclarar al cliente la pol\u00edtica que mantiene en cuanto a la recogida de datos de car\u00e1cter personal.<\/p><h3>Responsable<\/h3><h4>Identidad<\/h4><p>Lorca Mar\u00edn S.A.<\/p><p>Avda. Alicante 28, 30007, Murcia.<\/p><p>Tel. 968 24 04 62<\/p><p>Email:datospersonales@lorcamarin.es<\/p><p>CIF: A30001010<\/p><h4>Finalidad<\/h4><h5>Usuarios registrados:<\/h5><p>Para los usuarios registrados en nuestra Web mantendremos los datos facilitados para poder ofrecer el acceso a aquellas zonas en las que se requiere la identifiaci\u00f3n de usuarios. El registro en esta Web puede suspenderse totalmente en cualquier momento por el usuario solicit\u00e1ndolo en la direcci\u00f3n de email datospersonales@lorcamarin.es.<\/p><p>El registro de un usuario en nuestra p\u00e1gina Web no implica necesariamente la suscripci\u00f3n en nuestras listas de correo, el usuario podr\u00e1 elegir en el momento de la recabaci\u00f3n de los datos si desea realizar la suscripci\u00f3n o no.<\/p><p>Para obtener acceso a las zonas restringidas de la Web de Lorca Mar\u00edn S.A., el usuario deber\u00e1 cumplimentar el formulario de registro con sus datos de contacto y aceptar esta pol\u00edtica de privacidad y protecci\u00f3n de datos de car\u00e1cter personal. En caso de no aceptar esta pol\u00edtica, no podr\u00e1 realizar el registro.<\/p><p>Los datos recabados a los usuarios registrados en nuestra Web no ser\u00e1n cedidos a terceros.<\/p><h5>Suscripci\u00f3n a listas de correo<\/h5><p>Los datos de los suscriptores a nuestras listas de correo ser\u00e1n tratados para enviarles notificaciones sobre eventos, servicios y productos. La suscripci\u00f3n a estas listas podr\u00e1 limitarse o suspenderse totalmente en cualquier momento mediante el enlace incluido en todas las notificaciones enviadas o solicit\u00e1ndolo en la direcci\u00f3n de email datospersonales@lorcamarin.es.<\/p><p>Para formar parte de una de nuestras listas de correo, debe existir un consentimiento expreso para recibir notificaciones que ser\u00e1 recabado en el monento de la suscripci\u00f3n, no siendo posible en caso de que no se acepten estas pol\u00edticas de privacidad y protecci\u00f3n de datos de car\u00e1cter personal.<\/p><p>Los datos recabados para la suscripci\u00f3n a nuestras listas de correo no ser\u00e1n cedidos a terceros.<\/p><h5>Clientes y proveedores<\/h5><p>El tratamiento de los datos de clientes, proveedores y los contactos profesionales que se deriben de nuestra relaci\u00f3n comercial de un contrato de compra o venta, se limitar\u00e1 exclusivamente a las tareas necesarias para mantener la relaci\u00f3n comercial iniciada.<\/p><p>Como la comunicaci\u00f3n de datos personales es un requisito legal o contractual y un requisito necesario para suscribir el contrato, se informa a el interesado que est\u00e1 obligado a facilitar los datos personales, y as\u00ed mismo que las consecuencias de no hacerlo pueden suponer la no prestaci\u00f3n del servicio solicitado.<\/p><p>Los datos no se ceder\u00e1n a terceros, salvo obligaci\u00f3n legal.<\/p><h4>Derechos<\/h4><p>Usted tendr\u00e1 derecho a acceder, rectificar, suprimir, oponerse o limitar el tratamiento y solicitar su portabilidad de los datos que hayan sido almacenados en nuestros ficheros. Podr\u00e1 ejercer estos derechos a trav\u00e9s del correo electr\u00f3nico datospersonales@lorcamarin.es o enviando una carta en la direcci\u00f3n postal: Lorca Mar\u00edn S.A., Avda. Alicante 28, 30007 Murcia.<\/p><h4>Periodo de conservaci\u00f3n<\/h4><p>Los datos recogidos se mantendr\u00e1n durante el periodo necesario para ofrecer los servicios solicitados, se solicite el cese de la actividad o se cumplan los requisitos legales aplicables.<\/p><h2>Existencia de un fichero digital de datos de titularidad privada<\/h2><p>El sitio que usted esta visitando pertenece a la red de p\u00e1ginas de Lorca Mar\u00edn S.A., cuya web principal es http:\/\/www.lorcamarin.es.<\/p><p>La prestaci\u00f3n de nuestros servicios del modo m\u00e1s eficiente para el usuario requiere la recopilaci\u00f3n y el tratamiento de datos de car\u00e1cter personal.<\/p><p>Lorca Mar\u00edn S.A., puede utilizar varios m\u00e9todos de recogida de informaci\u00f3n, siempre y cuando estos m\u00e9todos sean publicados, y la informaci\u00f3n sea provista por los clientes y usuarios voluntariamente.<\/p><p>Para acceder y\/o utilizar alguno de los servicios de Lorca Mar\u00edn S.A., es necesario que los usuarios proporcionen ciertos datos de car\u00e1cter personal que ser\u00e1n objeto de tratamiento automatizado por parte de Lorca Mar\u00edn S.A.<\/p><p>El fichero que contiene los datos que son objeto de recogida a trav\u00e9s del sitio web cumple con lo establecido en la LOPD (Ley Org\u00e1nica 15\/1999, de 13 de diciembre, de Protecci\u00f3n de Datos de Car\u00e1cter Personal).<\/p><h2>Finalidad de la existencia del fichero digital<\/h2><p>La finalidad de la recogida de datos es la gesti\u00f3n, administraci\u00f3n, y mejora de los servicios prestados por parte de nuestra empresa a sus clientes y usuarios, de forma que el conocimiento de las preferencias y el perfil de los usuarios obtenido por parte de Lorca Mar\u00edn S.A., a trav\u00e9s de los datos de car\u00e1cter personal suministrado por los usuarios al rellenar el formulario de solicutid, permitan la implementaci\u00f3n de los servicios prestados.<\/p><h2>Proceso de recogida de datos<\/h2><p>En todos los procesos de recogida de datos, el usuario debe aceptar expresamente la incorporaci\u00f3n de sus datos al mencionado fichero automatizado, para ello bastar\u00e1 con que haga clic en He le\u00eddo y Acepto las Condiciones de Privacidad situado al final del registro.<\/p><p>Lorca Mar\u00edn S.A., garantiza igualmente registrar dichos datos \u00fanicamente con el consentimiento inequ\u00edvoco del usuario y ofrece siempre el derecho de informaci\u00f3n, oposici\u00f3n, acceso, rectificaci\u00f3n, cancelaci\u00f3n y portabilidad de datos dirigiendo una petici\u00f3n por escrito en el local central de Lorca Mar\u00edn S.A., situado en la Ctra. de Alicante N\u00famero 28 de Murcia (Espa\u00f1a), o bien a trav\u00e9s de e-mail en la direcci\u00f3n datospersonales@lorcamarin.es.<\/p><p>La cumplimentaci\u00f3n y posterior env\u00edo del formulario supondr\u00e1, tal y como consta en el mismo, el consentimiento inequ\u00edvoco del usuario para que sus datos sean integrados en un fichero automatizado.<\/p><p>Siempre se informa a los usuarios de la posibilidad de ejercitar su derecho de acceso, cancelaci\u00f3n y modificaci\u00f3n de sus datos personales que han sido solicitados, mediante la simple comunicaci\u00f3n a Lorca Mar\u00edn S.A., Avda. Alicante 28, 30007 Murcia, o a trav\u00e9s del correo electr\u00f3nico datospersonales@lorcamarin.es<\/p><h2>Garant\u00edas y compromiso de Lorca Mar\u00edn S.A.<\/h2><p>Lorca Mar\u00edn S.A. se compromete al cumplimiento de su obligaci\u00f3n de mantener en secreto los datos de car\u00e1cter personal suministrados y su deber de adoptar las medidas necesarias para evitar su alteraci\u00f3n, p\u00e9rdida, tratamiento o acceso no autorizado.<\/p><p>Garantiza la adopci\u00f3n de las medidas oportunas para asegurar el tratamiento confidencial de dichos datos. Las medidas adoptadas para proteger la privacidad de los datos personales y velar por la seguridad de \u00e9stos son:<\/p><p>de car\u00e1cter t\u00e9cnico, como el acceso a cada \u00e1rea personal mediante un login y un password.<\/p><p>de car\u00e1cter administrativo, como los datos de titularidad privada que ser\u00e1n transmitidos a las oficinas de Lorca Mar\u00edn S.A. en Murcia (Espa\u00f1a), donde Lorca Mar\u00edn S.A., se compromete a que la persona encargada de mantener y gestionar dichos datos nunca podr\u00e1 utilizar dicha informaci\u00f3n para prop\u00f3sitos no comprendidos en la presente pol\u00edtica de privacidad.<\/p><p>Lorca Mar\u00edn S.A., no vender\u00e1 los datos personales obtenidos por medio de los registros a terceros. Podr\u00e1 realizar la cesi\u00f3n o compartici\u00f3n de los datos recogidos si fuese necesario para realizar sus actividades administrativas, siembre cumpliendo con lo establecido por la Ley Org\u00e1nica de Protecci\u00f3n de Datos de Car\u00e1cter Personal 15\/1999, de 13 de diciembre.<\/p><p>Se han adoptado las medidas de seguridad correspondientes a la calidad de los datos que son objeto de recogida, en los t\u00e9rminos reglamentariamente establecidos.<\/p><h2>Pol\u00edtica de uso de Cookies<\/h2><p>Para prestar un mejor servicio al cliente, Lorca Mar\u00edn S.A., puede almacenar en el ordenador del particular peque\u00f1as porciones de informaci\u00f3n denominadas Cookies requeridas para el correcto funcionamiento de algunos de los servicios que se ofrecen. Las cookies son empleadas para:<\/p><p>Recopilar direcciones IP de los usuarios. Lorca Mar\u00edn S.A., utiliza su direcci\u00f3n IP para compilar estad\u00edsticas de uso, diagnosticar problemas en nuestro servidor web, y para la administraci\u00f3n de todos los servicios ofrecidos. En otros casos, su direcci\u00f3n IP es utilizada para mantener el seguimiento de su carrito de compras virtual o la veracidad de una compra a trav\u00e9s de Webs de comercio electr\u00f3nico. El usuario puede limitar o restringir la admisi\u00f3n de cookies a trav\u00e9s de las opciones de su navegador.<\/p><h2>Sobre los datos facilitados por clientes y usuarios<\/h2><p>El usuario responder\u00e1, en cualquier caso, de la veracidad de los datos facilitados. Lorca Mar\u00edn S.A., se reserva el derecho a excluir del acceso al sitio web a todo usuario que haya facilitado datos falsos. Lorca Mar\u00edn S.A., no permite o aprueba m\u00e9todos de diseminaci\u00f3n de informaci\u00f3n que resulten en cualquier ilegales o deshonestos, env\u00edo de comunicaciones no solicitadas, violaci\u00f3n de privacidad, o publicaci\u00f3n en perjuicio de sus clientes y usuarios.<\/p><p>Lorca Mar\u00edn S.A., queda exonerado de toda responsabilidad que pudiera derivarse del uso indebido o negligente de las contrase\u00f1as asignadas para acceder a sus sitios Web.<\/p><p>Lorca Mar\u00edn S.A., queda exento de toda responsabilidad por el incumplimiento de lo anterior por parte de los usuarios y clientes y se reserva el derecho a suspender el servicio a quienes de forma grave y reiterada incumplan las presentes condiciones, pudiendo hacerlo sin previo aviso en aquellos casos que, a juicio de Lorca Mar\u00edn S.A., el incumplimiento revista especial gravedad.<\/p><p>Para cualquier sugerencia o comentario env\u00ede un mensaje de correo electr\u00f3nico a administracion@lorcamarin.es.<\/p>\t\t\t\t\t\t<\/div>\n\t\t\t\t<\/div>\n\t\t\t\t\t<\/div>\n\t\t\t\t<\/div>\n\t\t\t\t<\/div>\n\t\t","protected":false},"excerpt":{"rendered":"<p>Legal notice El Sitio Web www.lorcamarin.es es propiedad de Lorca Mar\u00edn S.A., Avda. Alicante 28, 30007, Murcia. CIF: A30001010. Aqu\u00ed encontrar\u00e1 la informaci\u00f3n sobre los t\u00e9rminos y condiciones sobre el uso de este Sitio Web, as\u00ed como informaci\u00f3n importante sobre su privacidad. INFORMACI\u00d3N SOBRE EL TRATAMIENTO DE DATOS PERSONALES DE USUARIOS DEL SITIO WEB Informaci\u00f3n [&hellip;]<\/p>\n","protected":false},"author":1,"featured_media":0,"parent":0,"menu_order":0,"comment_status":"closed","ping_status":"closed","template":"","meta":{"_acf_changed":false,"footnotes":""},"class_list":["post-2784","page","type-page","status-publish","hentry"],"acf":[],"yoast_head":"<!-- This site is optimized with the Yoast SEO plugin v23.7 - https:\/\/yoast.com\/wordpress\/plugins\/seo\/ -->\n<title>Legal notice - Lorca Mar\u00edn<\/title>\n<meta name=\"robots\" content=\"noindex, follow, max-snippet:-1, max-image-preview:large, max-video-preview:-1\" \/>\n<meta property=\"og:locale\" content=\"en_US\" \/>\n<meta property=\"og:type\" content=\"article\" \/>\n<meta property=\"og:title\" content=\"Legal notice - Lorca Mar\u00edn\" \/>\n<meta property=\"og:description\" content=\"Legal notice El Sitio Web www.lorcamarin.es es propiedad de Lorca Mar\u00edn S.A., Avda. Alicante 28, 30007, Murcia. CIF: A30001010. Aqu\u00ed encontrar\u00e1 la informaci\u00f3n sobre los t\u00e9rminos y condiciones sobre el uso de este Sitio Web, as\u00ed como informaci\u00f3n importante sobre su privacidad. INFORMACI\u00d3N SOBRE EL TRATAMIENTO DE DATOS PERSONALES DE USUARIOS DEL SITIO WEB Informaci\u00f3n [&hellip;]\" \/>\n<meta property=\"og:url\" content=\"https:\/\/lorcamarin.atic.green\/en\/legal-notice\/\" \/>\n<meta property=\"og:site_name\" content=\"Lorca Mar\u00edn\" \/>\n<meta property=\"article:modified_time\" content=\"2026-02-20T11:36:15+00:00\" \/>\n<meta name=\"twitter:card\" content=\"summary_large_image\" \/>\n<meta name=\"twitter:label1\" content=\"Est. reading time\" \/>\n\t<meta name=\"twitter:data1\" content=\"7 minutes\" \/>\n<script type=\"application\/ld+json\" class=\"yoast-schema-graph\">{\"@context\":\"https:\/\/schema.org\",\"@graph\":[{\"@type\":\"WebPage\",\"@id\":\"https:\/\/lorcamarin.atic.green\/en\/legal-notice\/\",\"url\":\"https:\/\/lorcamarin.atic.green\/en\/legal-notice\/\",\"name\":\"Legal notice - Lorca Mar\u00edn\",\"isPartOf\":{\"@id\":\"https:\/\/lorcamarin.atic.green\/en\/#website\"},\"datePublished\":\"2026-02-20T11:08:07+00:00\",\"dateModified\":\"2026-02-20T11:36:15+00:00\",\"breadcrumb\":{\"@id\":\"https:\/\/lorcamarin.atic.green\/en\/legal-notice\/#breadcrumb\"},\"inLanguage\":\"en-US\",\"potentialAction\":[{\"@type\":\"ReadAction\",\"target\":[\"https:\/\/lorcamarin.atic.green\/en\/legal-notice\/\"]}]},{\"@type\":\"BreadcrumbList\",\"@id\":\"https:\/\/lorcamarin.atic.green\/en\/legal-notice\/#breadcrumb\",\"itemListElement\":[{\"@type\":\"ListItem\",\"position\":1,\"name\":\"Portada\",\"item\":\"https:\/\/lorcamarin.atic.green\/en\/\"},{\"@type\":\"ListItem\",\"position\":2,\"name\":\"Legal notice\"}]},{\"@type\":\"WebSite\",\"@id\":\"https:\/\/lorcamarin.atic.green\/en\/#website\",\"url\":\"https:\/\/lorcamarin.atic.green\/en\/\",\"name\":\"Lorca Mar\u00edn\",\"description\":\"Suturas quir\u00fargicas\",\"publisher\":{\"@id\":\"https:\/\/lorcamarin.atic.green\/en\/#organization\"},\"potentialAction\":[{\"@type\":\"SearchAction\",\"target\":{\"@type\":\"EntryPoint\",\"urlTemplate\":\"https:\/\/lorcamarin.atic.green\/en\/?s={search_term_string}\"},\"query-input\":{\"@type\":\"PropertyValueSpecification\",\"valueRequired\":true,\"valueName\":\"search_term_string\"}}],\"inLanguage\":\"en-US\"},{\"@type\":\"Organization\",\"@id\":\"https:\/\/lorcamarin.atic.green\/en\/#organization\",\"name\":\"Lorca Mar\u00edn\",\"url\":\"https:\/\/lorcamarin.atic.green\/en\/\",\"logo\":{\"@type\":\"ImageObject\",\"inLanguage\":\"en-US\",\"@id\":\"https:\/\/lorcamarin.atic.green\/en\/#\/schema\/logo\/image\/\",\"url\":\"https:\/\/lorcamarin.atic.green\/wp-content\/uploads\/2024\/10\/LogoLM.png\",\"contentUrl\":\"https:\/\/lorcamarin.atic.green\/wp-content\/uploads\/2024\/10\/LogoLM.png\",\"width\":293,\"height\":81,\"caption\":\"Lorca Mar\u00edn\"},\"image\":{\"@id\":\"https:\/\/lorcamarin.atic.green\/en\/#\/schema\/logo\/image\/\"}}]}<\/script>\n<!-- \/ Yoast SEO plugin. -->","yoast_head_json":{"title":"Legal notice - Lorca Mar\u00edn","robots":{"index":"noindex","follow":"follow","max-snippet":"max-snippet:-1","max-image-preview":"max-image-preview:large","max-video-preview":"max-video-preview:-1"},"og_locale":"en_US","og_type":"article","og_title":"Legal notice - Lorca Mar\u00edn","og_description":"Legal notice El Sitio Web www.lorcamarin.es es propiedad de Lorca Mar\u00edn S.A., Avda. Alicante 28, 30007, Murcia. CIF: A30001010. Aqu\u00ed encontrar\u00e1 la informaci\u00f3n sobre los t\u00e9rminos y condiciones sobre el uso de este Sitio Web, as\u00ed como informaci\u00f3n importante sobre su privacidad. INFORMACI\u00d3N SOBRE EL TRATAMIENTO DE DATOS PERSONALES DE USUARIOS DEL SITIO WEB Informaci\u00f3n [&hellip;]","og_url":"https:\/\/lorcamarin.atic.green\/en\/legal-notice\/","og_site_name":"Lorca Mar\u00edn","article_modified_time":"2026-02-20T11:36:15+00:00","twitter_card":"summary_large_image","twitter_misc":{"Est. reading time":"7 minutes"},"schema":{"@context":"https:\/\/schema.org","@graph":[{"@type":"WebPage","@id":"https:\/\/lorcamarin.atic.green\/en\/legal-notice\/","url":"https:\/\/lorcamarin.atic.green\/en\/legal-notice\/","name":"Legal notice - Lorca Mar\u00edn","isPartOf":{"@id":"https:\/\/lorcamarin.atic.green\/en\/#website"},"datePublished":"2026-02-20T11:08:07+00:00","dateModified":"2026-02-20T11:36:15+00:00","breadcrumb":{"@id":"https:\/\/lorcamarin.atic.green\/en\/legal-notice\/#breadcrumb"},"inLanguage":"en-US","potentialAction":[{"@type":"ReadAction","target":["https:\/\/lorcamarin.atic.green\/en\/legal-notice\/"]}]},{"@type":"BreadcrumbList","@id":"https:\/\/lorcamarin.atic.green\/en\/legal-notice\/#breadcrumb","itemListElement":[{"@type":"ListItem","position":1,"name":"Portada","item":"https:\/\/lorcamarin.atic.green\/en\/"},{"@type":"ListItem","position":2,"name":"Legal notice"}]},{"@type":"WebSite","@id":"https:\/\/lorcamarin.atic.green\/en\/#website","url":"https:\/\/lorcamarin.atic.green\/en\/","name":"Lorca Mar\u00edn","description":"Suturas quir\u00fargicas","publisher":{"@id":"https:\/\/lorcamarin.atic.green\/en\/#organization"},"potentialAction":[{"@type":"SearchAction","target":{"@type":"EntryPoint","urlTemplate":"https:\/\/lorcamarin.atic.green\/en\/?s={search_term_string}"},"query-input":{"@type":"PropertyValueSpecification","valueRequired":true,"valueName":"search_term_string"}}],"inLanguage":"en-US"},{"@type":"Organization","@id":"https:\/\/lorcamarin.atic.green\/en\/#organization","name":"Lorca Mar\u00edn","url":"https:\/\/lorcamarin.atic.green\/en\/","logo":{"@type":"ImageObject","inLanguage":"en-US","@id":"https:\/\/lorcamarin.atic.green\/en\/#\/schema\/logo\/image\/","url":"https:\/\/lorcamarin.atic.green\/wp-content\/uploads\/2024\/10\/LogoLM.png","contentUrl":"https:\/\/lorcamarin.atic.green\/wp-content\/uploads\/2024\/10\/LogoLM.png","width":293,"height":81,"caption":"Lorca Mar\u00edn"},"image":{"@id":"https:\/\/lorcamarin.atic.green\/en\/#\/schema\/logo\/image\/"}}]}},"_links":{"self":[{"href":"https:\/\/lorcamarin.atic.green\/en\/wp-json\/wp\/v2\/pages\/2784"}],"collection":[{"href":"https:\/\/lorcamarin.atic.green\/en\/wp-json\/wp\/v2\/pages"}],"about":[{"href":"https:\/\/lorcamarin.atic.green\/en\/wp-json\/wp\/v2\/types\/page"}],"author":[{"embeddable":true,"href":"https:\/\/lorcamarin.atic.green\/en\/wp-json\/wp\/v2\/users\/1"}],"replies":[{"embeddable":true,"href":"https:\/\/lorcamarin.atic.green\/en\/wp-json\/wp\/v2\/comments?post=2784"}],"version-history":[{"count":4,"href":"https:\/\/lorcamarin.atic.green\/en\/wp-json\/wp\/v2\/pages\/2784\/revisions"}],"predecessor-version":[{"id":2798,"href":"https:\/\/lorcamarin.atic.green\/en\/wp-json\/wp\/v2\/pages\/2784\/revisions\/2798"}],"wp:attachment":[{"href":"https:\/\/lorcamarin.atic.green\/en\/wp-json\/wp\/v2\/media?parent=2784"}],"curies":[{"name":"wp","href":"https:\/\/api.w.org\/{rel}","templated":true}]}}